{"id":127,"date":"2019-07-06T17:00:17","date_gmt":"2019-07-06T15:00:17","guid":{"rendered":"https:\/\/alltidhult.se\/?page_id=127"},"modified":"2025-11-09T07:41:55","modified_gmt":"2025-11-09T06:41:55","slug":"alltidhult-2","status":"publish","type":"page","link":"https:\/\/alltidhult.se\/","title":{"rendered":"Alltidhult"},"content":{"rendered":"\n<figure class=\"wp-block-image\"><img loading=\"lazy\" decoding=\"async\" width=\"950\" height=\"250\" src=\"https:\/\/alltidhult.se\/wp-content\/uploads\/2019\/07\/angar.jpg\" alt=\"\" class=\"wp-image-143\" srcset=\"https:\/\/alltidhult.se\/wp-content\/uploads\/2019\/07\/angar.jpg 950w, https:\/\/alltidhult.se\/wp-content\/uploads\/2019\/07\/angar-300x79.jpg 300w, https:\/\/alltidhult.se\/wp-content\/uploads\/2019\/07\/angar-768x202.jpg 768w\" sizes=\"auto, (max-width: 950px) 100vw, 950px\" \/><\/figure>\n\n\n\n<p><strong>Alltidhults by<\/strong> best\u00e5r idag av ett tiotal hus bel\u00e4gna p\u00e5 landremsan mellan sj\u00f6arna Halen och Rasl\u00e5ngen i v\u00e4stra Blekinges skogsbygd. Namnet <em>Alltidhult<\/em>\n har inget med tiden att g\u00f6ra, utan kommer fr\u00e5n fornnordiskans Alft, som\n betyder svan. Vid utloppet fr\u00e5n Alltidhultsstr\u00f6mmen, som f\u00f6rbinder \nRasl\u00e5ngen med Halen, \u00e4r det ofta isfritt och m\u00e4ngder av svanar samlades \nd\u00e4r f\u00f6rr om vintrarna.    <\/p>\n\n\n\n<figure class=\"wp-block-image\"><img loading=\"lazy\" decoding=\"async\" width=\"950\" height=\"250\" src=\"https:\/\/alltidhult.se\/wp-content\/uploads\/2019\/07\/astugan-1.jpg\" alt=\"\" class=\"wp-image-142\" srcset=\"https:\/\/alltidhult.se\/wp-content\/uploads\/2019\/07\/astugan-1.jpg 950w, https:\/\/alltidhult.se\/wp-content\/uploads\/2019\/07\/astugan-1-300x79.jpg 300w, https:\/\/alltidhult.se\/wp-content\/uploads\/2019\/07\/astugan-1-768x202.jpg 768w\" sizes=\"auto, (max-width: 950px) 100vw, 950px\" \/><\/figure>\n\n\n\n<p>Trakten inneh\u00e5ller\n b\u00e5de gammal kulturbygd och or\u00f6rd vildmark. Landskapet \u00e4r betagande \nvackert. Ut\u00f6ver de tv\u00e5 stora sj\u00f6arna finns h\u00e4r otaliga mindre sj\u00f6ar och \ngyl. Den kuperade terr\u00e4ngen erbjuder h\u00e4nf\u00f6rande utsikter \u00f6ver bl\u00e5nande \nbarrskogs\u00e5sar, leende ek- och bokskogar, beteshagar och \u00e4ngar. H\u00e4r finns\n alla m\u00f6jligheter f\u00f6r den som vill \u00e4gna sig \u00e5t naturn\u00e4ra \nfritdsaktiviteter, f\u00f6r den som vill njuta av tystnaden och sk\u00f6nheten och\n f\u00f6r den som vill g\u00e5 p\u00e5 uppt\u00e4cktsf\u00e4rd i en rik kulturbygd.<\/p>\n\n\n\n<figure class=\"wp-block-image\"><img loading=\"lazy\" decoding=\"async\" width=\"950\" height=\"250\" src=\"https:\/\/alltidhult.se\/wp-content\/uploads\/2019\/07\/Strommen2-1.jpg\" alt=\"\" class=\"wp-image-139\" srcset=\"https:\/\/alltidhult.se\/wp-content\/uploads\/2019\/07\/Strommen2-1.jpg 950w, https:\/\/alltidhult.se\/wp-content\/uploads\/2019\/07\/Strommen2-1-300x79.jpg 300w, https:\/\/alltidhult.se\/wp-content\/uploads\/2019\/07\/Strommen2-1-768x202.jpg 768w\" sizes=\"auto, (max-width: 950px) 100vw, 950px\" \/><\/figure>\n\n\n\n<p><\/p>\n\n\n\n<p><\/p>\n","protected":false},"excerpt":{"rendered":"<p>Alltidhults by best\u00e5r idag av ett tiotal hus bel\u00e4gna p\u00e5 landremsan mellan sj\u00f6arna Halen och Rasl\u00e5ngen i v\u00e4stra Blekinges skogsbygd. Namnet Alltidhult har inget med tiden att g\u00f6ra, utan kommer fr\u00e5n fornnordiskans Alft, som betyder svan. Vid utloppet fr\u00e5n Alltidhultsstr\u00f6mmen, som f\u00f6rbinder Rasl\u00e5ngen med Halen, \u00e4r det ofta isfritt och m\u00e4ngder av svanar samlades d\u00e4r [&hellip;]<\/p>\n","protected":false},"author":2,"featured_media":0,"parent":0,"menu_order":0,"comment_status":"closed","ping_status":"closed","template":"","meta":{"footnotes":""},"class_list":["post-127","page","type-page","status-publish","hentry"],"_links":{"self":[{"href":"https:\/\/alltidhult.se\/index.php?rest_route=\/wp\/v2\/pages\/127","targetHints":{"allow":["GET"]}}],"collection":[{"href":"https:\/\/alltidhult.se\/index.php?rest_route=\/wp\/v2\/pages"}],"about":[{"href":"https:\/\/alltidhult.se\/index.php?rest_route=\/wp\/v2\/types\/page"}],"author":[{"embeddable":true,"href":"https:\/\/alltidhult.se\/index.php?rest_route=\/wp\/v2\/users\/2"}],"replies":[{"embeddable":true,"href":"https:\/\/alltidhult.se\/index.php?rest_route=%2Fwp%2Fv2%2Fcomments&post=127"}],"version-history":[{"count":7,"href":"https:\/\/alltidhult.se\/index.php?rest_route=\/wp\/v2\/pages\/127\/revisions"}],"predecessor-version":[{"id":439,"href":"https:\/\/alltidhult.se\/index.php?rest_route=\/wp\/v2\/pages\/127\/revisions\/439"}],"wp:attachment":[{"href":"https:\/\/alltidhult.se\/index.php?rest_route=%2Fwp%2Fv2%2Fmedia&parent=127"}],"curies":[{"name":"wp","href":"https:\/\/api.w.org\/{rel}","templated":true}]}}