{"id":24,"date":"2019-07-06T09:27:32","date_gmt":"2019-07-06T07:27:32","guid":{"rendered":"https:\/\/alltidhult.se\/?page_id=24"},"modified":"2026-02-24T14:56:23","modified_gmt":"2026-02-24T13:56:23","slug":"uthyrning","status":"publish","type":"page","link":"https:\/\/alltidhult.se\/?page_id=24","title":{"rendered":"Hus och omgivning"},"content":{"rendered":"\n<pre class=\"wp-block-verse has-text-align-center\"><em>Egen badbrygga och b\u00e5t f\u00f6r utflykter och fisketurer.<br>Nyf\u00e5ngad Rasl\u00e5ngeng\u00e4dda till middag eller <br>\u00f6ring fr\u00e5n n\u00e4rbel\u00e4gna Harasj\u00f6m\u00e5la kronolaxfiske. <br>Plocka vitsippor i maj och svamp i september. <br>Joggingrunda i gryningsljuset och kanottur i solnedg\u00e5ngen. <br>Skogspromenader och mysiga grillkv\u00e4llar. <br>Stj\u00e4rnhimmel och tystnad. <br>Skidtur i nysn\u00f6 och isfiske i februarisol. <br>L\u00e4sa b\u00f6cker och se elden spraka i kaminen.<\/em><\/pre>\n\n\n\n<h3 class=\"wp-block-heading\">Varsamt renoverat boningshus fr\u00e5n 1800-talet med plats f\u00f6r den stora familjen eller f\u00f6r tv\u00e5 familjer  <\/h3>\n\n\n\n<figure class=\"wp-block-gallery has-nested-images columns-default wp-block-gallery-1 is-layout-flex wp-block-gallery-is-layout-flex\">\n<figure class=\"wp-block-image size-large\"><img loading=\"lazy\" decoding=\"async\" width=\"456\" height=\"197\" data-id=\"85\" src=\"https:\/\/alltidhult.se\/wp-content\/uploads\/2019\/07\/gasthus-1.jpg\" alt=\"\" class=\"wp-image-85\" srcset=\"https:\/\/alltidhult.se\/wp-content\/uploads\/2019\/07\/gasthus-1.jpg 456w, https:\/\/alltidhult.se\/wp-content\/uploads\/2019\/07\/gasthus-1-300x130.jpg 300w\" sizes=\"auto, (max-width: 456px) 100vw, 456px\" \/><\/figure>\n\n\n\n<figure class=\"wp-block-image size-large\"><img loading=\"lazy\" decoding=\"async\" width=\"1024\" height=\"576\" data-id=\"341\" src=\"https:\/\/alltidhult.se\/wp-content\/uploads\/2021\/04\/174631723_255849969598848_5440172194495790299_n-1024x576.jpg\" alt=\"\" class=\"wp-image-341\" srcset=\"https:\/\/alltidhult.se\/wp-content\/uploads\/2021\/04\/174631723_255849969598848_5440172194495790299_n-1024x576.jpg 1024w, https:\/\/alltidhult.se\/wp-content\/uploads\/2021\/04\/174631723_255849969598848_5440172194495790299_n-300x169.jpg 300w, https:\/\/alltidhult.se\/wp-content\/uploads\/2021\/04\/174631723_255849969598848_5440172194495790299_n-768x432.jpg 768w, https:\/\/alltidhult.se\/wp-content\/uploads\/2021\/04\/174631723_255849969598848_5440172194495790299_n-1536x864.jpg 1536w, https:\/\/alltidhult.se\/wp-content\/uploads\/2021\/04\/174631723_255849969598848_5440172194495790299_n.jpg 2048w\" sizes=\"auto, (max-width: 1024px) 100vw, 1024px\" \/><\/figure>\n<\/figure>\n\n\n\n<p class=\"has-text-align-center\">Ca 100 m\u00b2 med 4 sovrum (6 + 1 spj\u00e4ls\u00e4ng). <br>Stort allrum med takbj\u00e4lkar, kamin (ved ing\u00e5r), TV, WiFi.  <br>K\u00f6k med elspis, mikro, kyl\/frys, kaffekokare mm.<br>Dusch\/WC\/Tv\u00e4tt. Elv\u00e4rme. Tr\u00e4dg\u00e5rdsm\u00f6bler, grill, sandl\u00e5da, gungor. <br><em><strong>Ej r\u00f6kning, ej husdjur och elbil \u00e4r inte till\u00e5tet att ladda fr\u00e5n huset.<\/strong><\/em> <\/p>\n\n\n\n<figure class=\"wp-block-gallery has-nested-images columns-2 is-cropped wp-block-gallery-2 is-layout-flex wp-block-gallery-is-layout-flex\">\n<figure class=\"wp-block-image size-large\"><img loading=\"lazy\" decoding=\"async\" width=\"569\" height=\"1024\" data-id=\"329\" src=\"https:\/\/alltidhult.se\/wp-content\/uploads\/2021\/04\/eld-1-569x1024.jpg\" alt=\"\" class=\"wp-image-329\" srcset=\"https:\/\/alltidhult.se\/wp-content\/uploads\/2021\/04\/eld-1-569x1024.jpg 569w, https:\/\/alltidhult.se\/wp-content\/uploads\/2021\/04\/eld-1-167x300.jpg 167w, https:\/\/alltidhult.se\/wp-content\/uploads\/2021\/04\/eld-1-768x1382.jpg 768w, https:\/\/alltidhult.se\/wp-content\/uploads\/2021\/04\/eld-1-853x1536.jpg 853w, https:\/\/alltidhult.se\/wp-content\/uploads\/2021\/04\/eld-1.jpg 1120w\" sizes=\"auto, (max-width: 569px) 100vw, 569px\" \/><figcaption class=\"wp-element-caption\">Vardagsrum<\/figcaption><\/figure>\n\n\n\n<figure class=\"wp-block-image size-large\"><img loading=\"lazy\" decoding=\"async\" width=\"225\" height=\"300\" data-id=\"69\" src=\"https:\/\/alltidhult.se\/wp-content\/uploads\/2019\/07\/kok3.jpg\" alt=\"\" class=\"wp-image-69\"\/><figcaption class=\"wp-element-caption\">Spish\u00e4ll<\/figcaption><\/figure>\n\n\n\n<figure class=\"wp-block-image size-large\"><img loading=\"lazy\" decoding=\"async\" width=\"1024\" height=\"576\" data-id=\"76\" src=\"https:\/\/alltidhult.se\/wp-content\/uploads\/2019\/07\/20160512_112451-1024x576.jpg\" alt=\"\" class=\"wp-image-76\" srcset=\"https:\/\/alltidhult.se\/wp-content\/uploads\/2019\/07\/20160512_112451-1024x576.jpg 1024w, https:\/\/alltidhult.se\/wp-content\/uploads\/2019\/07\/20160512_112451-300x169.jpg 300w, https:\/\/alltidhult.se\/wp-content\/uploads\/2019\/07\/20160512_112451-768x432.jpg 768w\" sizes=\"auto, (max-width: 1024px) 100vw, 1024px\" \/><figcaption class=\"wp-element-caption\">K\u00f6ket<\/figcaption><\/figure>\n\n\n\n<figure class=\"wp-block-image size-large\"><img loading=\"lazy\" decoding=\"async\" width=\"225\" height=\"300\" data-id=\"77\" src=\"https:\/\/alltidhult.se\/wp-content\/uploads\/2019\/07\/bad3.jpg\" alt=\"\" class=\"wp-image-77\"\/><figcaption class=\"wp-element-caption\">Badrum \/ Tv\u00e4tt<\/figcaption><\/figure>\n\n\n\n<figure class=\"wp-block-image size-large\"><img loading=\"lazy\" decoding=\"async\" width=\"528\" height=\"960\" data-id=\"350\" src=\"https:\/\/alltidhult.se\/wp-content\/uploads\/2021\/06\/199729172_397424894811179_940873686863667106_n.jpg\" alt=\"\" class=\"wp-image-350\" srcset=\"https:\/\/alltidhult.se\/wp-content\/uploads\/2021\/06\/199729172_397424894811179_940873686863667106_n.jpg 528w, https:\/\/alltidhult.se\/wp-content\/uploads\/2021\/06\/199729172_397424894811179_940873686863667106_n-165x300.jpg 165w\" sizes=\"auto, (max-width: 528px) 100vw, 528px\" \/><figcaption class=\"wp-element-caption\">Matplats<\/figcaption><\/figure>\n\n\n\n<figure class=\"wp-block-image size-large\"><img loading=\"lazy\" decoding=\"async\" width=\"768\" height=\"1024\" data-id=\"389\" src=\"https:\/\/alltidhult.se\/wp-content\/uploads\/2023\/04\/vardagsrum-768x1024.jpg\" alt=\"\" class=\"wp-image-389\" srcset=\"https:\/\/alltidhult.se\/wp-content\/uploads\/2023\/04\/vardagsrum-768x1024.jpg 768w, https:\/\/alltidhult.se\/wp-content\/uploads\/2023\/04\/vardagsrum-225x300.jpg 225w, https:\/\/alltidhult.se\/wp-content\/uploads\/2023\/04\/vardagsrum-1152x1536.jpg 1152w, https:\/\/alltidhult.se\/wp-content\/uploads\/2023\/04\/vardagsrum.jpg 1536w\" sizes=\"auto, (max-width: 768px) 100vw, 768px\" \/><figcaption class=\"wp-element-caption\">Sittgrupp<\/figcaption><\/figure>\n\n\n\n<figure class=\"wp-block-image size-large\"><img loading=\"lazy\" decoding=\"async\" width=\"569\" height=\"1024\" data-id=\"331\" src=\"https:\/\/alltidhult.se\/wp-content\/uploads\/2021\/04\/sov1-569x1024.jpg\" alt=\"\" class=\"wp-image-331\" srcset=\"https:\/\/alltidhult.se\/wp-content\/uploads\/2021\/04\/sov1-569x1024.jpg 569w, https:\/\/alltidhult.se\/wp-content\/uploads\/2021\/04\/sov1-167x300.jpg 167w, https:\/\/alltidhult.se\/wp-content\/uploads\/2021\/04\/sov1-768x1382.jpg 768w, https:\/\/alltidhult.se\/wp-content\/uploads\/2021\/04\/sov1-853x1536.jpg 853w, https:\/\/alltidhult.se\/wp-content\/uploads\/2021\/04\/sov1.jpg 1120w\" sizes=\"auto, (max-width: 569px) 100vw, 569px\" \/><figcaption class=\"wp-element-caption\">Stora bl\u00e5<\/figcaption><\/figure>\n\n\n\n<figure class=\"wp-block-image size-large\"><img loading=\"lazy\" decoding=\"async\" width=\"768\" height=\"1024\" data-id=\"390\" src=\"https:\/\/alltidhult.se\/wp-content\/uploads\/2023\/04\/sov3-768x1024.jpg\" alt=\"\" class=\"wp-image-390\" srcset=\"https:\/\/alltidhult.se\/wp-content\/uploads\/2023\/04\/sov3-768x1024.jpg 768w, https:\/\/alltidhult.se\/wp-content\/uploads\/2023\/04\/sov3-225x300.jpg 225w, https:\/\/alltidhult.se\/wp-content\/uploads\/2023\/04\/sov3-1152x1536.jpg 1152w, https:\/\/alltidhult.se\/wp-content\/uploads\/2023\/04\/sov3.jpg 1536w\" sizes=\"auto, (max-width: 768px) 100vw, 768px\" \/><figcaption class=\"wp-element-caption\">Lilla r\u00f6d<\/figcaption><\/figure>\n\n\n\n<figure class=\"wp-block-image size-large\"><img loading=\"lazy\" decoding=\"async\" width=\"768\" height=\"1024\" data-id=\"392\" src=\"https:\/\/alltidhult.se\/wp-content\/uploads\/2023\/04\/sov1-768x1024.jpg\" alt=\"\" class=\"wp-image-392\" srcset=\"https:\/\/alltidhult.se\/wp-content\/uploads\/2023\/04\/sov1-768x1024.jpg 768w, https:\/\/alltidhult.se\/wp-content\/uploads\/2023\/04\/sov1-225x300.jpg 225w, https:\/\/alltidhult.se\/wp-content\/uploads\/2023\/04\/sov1-1152x1536.jpg 1152w, https:\/\/alltidhult.se\/wp-content\/uploads\/2023\/04\/sov1.jpg 1536w\" sizes=\"auto, (max-width: 768px) 100vw, 768px\" \/><figcaption class=\"wp-element-caption\">Stora gr\u00e5<\/figcaption><\/figure>\n\n\n\n<figure class=\"wp-block-image size-large\"><img loading=\"lazy\" decoding=\"async\" width=\"569\" height=\"1024\" data-id=\"335\" src=\"https:\/\/alltidhult.se\/wp-content\/uploads\/2021\/04\/sov3-569x1024.jpg\" alt=\"\" class=\"wp-image-335\" srcset=\"https:\/\/alltidhult.se\/wp-content\/uploads\/2021\/04\/sov3-569x1024.jpg 569w, https:\/\/alltidhult.se\/wp-content\/uploads\/2021\/04\/sov3-167x300.jpg 167w, https:\/\/alltidhult.se\/wp-content\/uploads\/2021\/04\/sov3-768x1382.jpg 768w, https:\/\/alltidhult.se\/wp-content\/uploads\/2021\/04\/sov3-853x1536.jpg 853w, https:\/\/alltidhult.se\/wp-content\/uploads\/2021\/04\/sov3.jpg 1120w\" sizes=\"auto, (max-width: 569px) 100vw, 569px\" \/><figcaption class=\"wp-element-caption\">Lilla gul<\/figcaption><\/figure>\n<\/figure>\n\n\n\n<figure class=\"wp-block-gallery has-nested-images columns-2 is-cropped wp-block-gallery-3 is-layout-flex wp-block-gallery-is-layout-flex\">\n<figure class=\"wp-block-image size-large\"><img loading=\"lazy\" decoding=\"async\" width=\"768\" height=\"1024\" data-id=\"370\" src=\"https:\/\/alltidhult.se\/wp-content\/uploads\/2021\/07\/bordjusteringar-768x1024.jpg\" alt=\"\" class=\"wp-image-370\" srcset=\"https:\/\/alltidhult.se\/wp-content\/uploads\/2021\/07\/bordjusteringar-768x1024.jpg 768w, https:\/\/alltidhult.se\/wp-content\/uploads\/2021\/07\/bordjusteringar-225x300.jpg 225w, https:\/\/alltidhult.se\/wp-content\/uploads\/2021\/07\/bordjusteringar-1152x1536.jpg 1152w, https:\/\/alltidhult.se\/wp-content\/uploads\/2021\/07\/bordjusteringar-1536x2048.jpg 1536w, https:\/\/alltidhult.se\/wp-content\/uploads\/2021\/07\/bordjusteringar-scaled.jpg 1920w\" sizes=\"auto, (max-width: 768px) 100vw, 768px\" \/><figcaption class=\"wp-element-caption\"> <\/figcaption><\/figure>\n\n\n\n<figure class=\"wp-block-image size-large\"><img loading=\"lazy\" decoding=\"async\" width=\"1024\" height=\"768\" data-id=\"397\" src=\"https:\/\/alltidhult.se\/wp-content\/uploads\/2023\/07\/terass2-1-1024x768.jpg\" alt=\"\" class=\"wp-image-397\" srcset=\"https:\/\/alltidhult.se\/wp-content\/uploads\/2023\/07\/terass2-1-1024x768.jpg 1024w, https:\/\/alltidhult.se\/wp-content\/uploads\/2023\/07\/terass2-1-300x225.jpg 300w, https:\/\/alltidhult.se\/wp-content\/uploads\/2023\/07\/terass2-1-768x576.jpg 768w, https:\/\/alltidhult.se\/wp-content\/uploads\/2023\/07\/terass2-1-1536x1152.jpg 1536w, https:\/\/alltidhult.se\/wp-content\/uploads\/2023\/07\/terass2-1.jpg 2048w\" sizes=\"auto, (max-width: 1024px) 100vw, 1024px\" \/><figcaption class=\"wp-element-caption\">Altan<\/figcaption><\/figure>\n<\/figure>\n\n\n\n<p>Rasl\u00e5ngen har m\u00e5nga vikar och \u00f6ar att utforska och man hittar l\u00e4tt ett privat badparadis. St\u00f6rsta djupet \u00e4r 26 meter.<\/p>\n\n\n\n<p>Er egen badvik, 400 m fr\u00e5n huset, ligger i  s\u00f6der\/v\u00e4sterl\u00e4ge med sol fr\u00e5n f\u00f6rmiddagen till solnedg\u00e5ngen. D\u00e4r finns  brygga och roddb\u00e5t, fiske i \u00e4garens vatten ing\u00e5r. <\/p>\n\n\n\n<p>I omgivningarna erbjuds fiske i Harasj\u00f6m\u00e5la Kronofiske eller M\u00f6rrums\u00e5n. Kanot kan hyras via Kanotcentralen vid Halens Camping i Olofstr\u00f6m.<\/p>\n\n\n\n<p>Bygden har stark anknytning till konstn\u00e4rer och f\u00f6rfattare. Nobelpristagaren <em>Harry Martinson<\/em> har i sin sj\u00e4lvbiografiska roman  &#8217;N\u00e4sslorna blomma&#8217; bl.a. beskrivit sin tid i Alltidhult. <em>Sven Edvin  Saljes<\/em> romanserie om Lov\u00e4ngsfamiljen utspelar sig i byn. <\/p>\n\n\n\n<p>G\u00f6r en dagsutflykt till Glasriket i Sm\u00e5land, eller till Blekinges kust med badstr\u00e4nder, stor sk\u00e4rg\u00e5rd och mysiga st\u00e4der, bl a v\u00e4rldsarvet Karlskrona.<\/p>\n\n\n\n<p><\/p>\n","protected":false},"excerpt":{"rendered":"<p>Egen badbrygga och b\u00e5t f\u00f6r utflykter och fisketurer.Nyf\u00e5ngad Rasl\u00e5ngeng\u00e4dda till middag eller \u00f6ring fr\u00e5n n\u00e4rbel\u00e4gna Harasj\u00f6m\u00e5la kronolaxfiske. Plocka vitsippor i maj och svamp i september. Joggingrunda i gryningsljuset och kanottur i solnedg\u00e5ngen. Skogspromenader och mysiga grillkv\u00e4llar. Stj\u00e4rnhimmel och tystnad. Skidtur i nysn\u00f6 och isfiske i februarisol. L\u00e4sa b\u00f6cker och se elden spraka i kaminen. Varsamt [&hellip;]<\/p>\n","protected":false},"author":2,"featured_media":0,"parent":0,"menu_order":0,"comment_status":"closed","ping_status":"closed","template":"","meta":{"footnotes":""},"class_list":["post-24","page","type-page","status-publish","hentry"],"_links":{"self":[{"href":"https:\/\/alltidhult.se\/index.php?rest_route=\/wp\/v2\/pages\/24","targetHints":{"allow":["GET"]}}],"collection":[{"href":"https:\/\/alltidhult.se\/index.php?rest_route=\/wp\/v2\/pages"}],"about":[{"href":"https:\/\/alltidhult.se\/index.php?rest_route=\/wp\/v2\/types\/page"}],"author":[{"embeddable":true,"href":"https:\/\/alltidhult.se\/index.php?rest_route=\/wp\/v2\/users\/2"}],"replies":[{"embeddable":true,"href":"https:\/\/alltidhult.se\/index.php?rest_route=%2Fwp%2Fv2%2Fcomments&post=24"}],"version-history":[{"count":59,"href":"https:\/\/alltidhult.se\/index.php?rest_route=\/wp\/v2\/pages\/24\/revisions"}],"predecessor-version":[{"id":443,"href":"https:\/\/alltidhult.se\/index.php?rest_route=\/wp\/v2\/pages\/24\/revisions\/443"}],"wp:attachment":[{"href":"https:\/\/alltidhult.se\/index.php?rest_route=%2Fwp%2Fv2%2Fmedia&parent=24"}],"curies":[{"name":"wp","href":"https:\/\/api.w.org\/{rel}","templated":true}]}}